{"id":9007,"date":"2023-12-09T19:43:30","date_gmt":"2023-12-09T19:43:30","guid":{"rendered":"https:\/\/ilkedis.com\/?page_id=9007"},"modified":"2024-07-12T16:08:36","modified_gmt":"2024-07-12T16:08:36","slug":"human-resources","status":"publish","type":"page","link":"https:\/\/ilkedis.com\/en\/human-resources\/","title":{"rendered":"Human Resources"},"content":{"rendered":"<div data-elementor-type=\"wp-page\" data-elementor-id=\"9007\" class=\"elementor elementor-9007 elementor-18\" data-elementor-post-type=\"page\">\n\t\t\t\t<section class=\"elementor-element elementor-element-4a17cf3 mb-extreme e-flex e-con-boxed e-con e-parent\" data-id=\"4a17cf3\" data-element_type=\"container\">\n\t\t\t\t\t<div class=\"e-con-inner\">\n\t\t<div class=\"elementor-element elementor-element-4f666ef2 e-flex e-con-boxed e-con e-child\" data-id=\"4f666ef2\" data-element_type=\"container\">\n\t\t\t\t\t<div class=\"e-con-inner\">\n\t\t\t\t<div class=\"elementor-element elementor-element-68a1b21d elementor-widget elementor-widget-heading\" data-id=\"68a1b21d\" data-element_type=\"widget\" data-widget_type=\"heading.default\">\n\t\t\t\t<div class=\"elementor-widget-container\">\n\t\t\t<span class=\"elementor-heading-title elementor-size-default\">Career at Ilke Oral and Dental Health Clinic<\/span>\t\t<\/div>\n\t\t\t\t<\/div>\n\t\t\t\t<div class=\"elementor-element elementor-element-54977b65 elementor-widget elementor-widget-heading\" data-id=\"54977b65\" data-element_type=\"widget\" data-widget_type=\"heading.default\">\n\t\t\t\t<div class=\"elementor-widget-container\">\n\t\t\t<h1 class=\"elementor-heading-title elementor-size-default\">Why ? <span class=\"highlight-gradient\">Ilke Oral and Dental Health Clinic<\/span> <\/h1>\t\t<\/div>\n\t\t\t\t<\/div>\n\t\t\t\t<div class=\"elementor-element elementor-element-b021a57 elementor-widget elementor-widget-text-editor\" data-id=\"b021a57\" data-element_type=\"widget\" data-widget_type=\"text-editor.default\">\n\t\t\t\t<div class=\"elementor-widget-container\">\n\t\t\t\t\t\t\t<ul>\n<li><strong>Collaboration and Team Spirit: <\/strong> We believe in the power of collaboration and teamwork, supporting each other to celebrate success together.<\/li>\n<\/ul>\n\t\t\t\t\t\t<\/div>\n\t\t\t\t<\/div>\n\t\t\t\t<div class=\"elementor-element elementor-element-b7aa4d2 elementor-widget elementor-widget-text-editor\" data-id=\"b7aa4d2\" data-element_type=\"widget\" data-widget_type=\"text-editor.default\">\n\t\t\t\t<div class=\"elementor-widget-container\">\n\t\t\t\t\t\t\t<ul>\n<li><strong>Continuous Improvement: <\/strong> We are committed to continuous learning and development, both at the corporate and individual levels.<\/li>\n<\/ul>\n\t\t\t\t\t\t<\/div>\n\t\t\t\t<\/div>\n\t\t\t\t<div class=\"elementor-element elementor-element-f2891dc elementor-widget elementor-widget-text-editor\" data-id=\"f2891dc\" data-element_type=\"widget\" data-widget_type=\"text-editor.default\">\n\t\t\t\t<div class=\"elementor-widget-container\">\n\t\t\t\t\t\t\t<ul>\n<li><strong>Investment in People:<\/strong> The happiness and success of our employees are fundamental to our organization&rsquo;s success.<\/li>\n<\/ul>\n\t\t\t\t\t\t<\/div>\n\t\t\t\t<\/div>\n\t\t\t\t\t<\/div>\n\t\t\t\t<\/div>\n\t\t<div class=\"elementor-element elementor-element-37cf17e7 e-flex e-con-boxed e-con e-child\" data-id=\"37cf17e7\" data-element_type=\"container\">\n\t\t\t\t\t<div class=\"e-con-inner\">\n\t\t\t\t<div class=\"elementor-element elementor-element-399d4f8e elementor-widget elementor-widget-image\" data-id=\"399d4f8e\" data-element_type=\"widget\" data-widget_type=\"image.default\">\n\t\t\t\t<div class=\"elementor-widget-container\">\n\t\t\t\t\t\t\t\t\t\t\t\t\t<picture class=\"wp-picture-4629\"><source type=\"image\/webp\" srcset=\"https:\/\/ilkedis.com\/app\/uploads\/2024\/01\/Ozel-Ilke-Agiz-ve-Dis-Sagligi-Poliklinigi_Photo-1024x639-jpeg.webp 1024w, https:\/\/ilkedis.com\/app\/uploads\/2024\/01\/Ozel-Ilke-Agiz-ve-Dis-Sagligi-Poliklinigi_Photo-300x187-jpeg.webp 300w, https:\/\/ilkedis.com\/app\/uploads\/2024\/01\/Ozel-Ilke-Agiz-ve-Dis-Sagligi-Poliklinigi_Photo-768x479-jpeg.webp 768w\" sizes=\"(max-width: 1024px) 100vw, 1024px\"><source type=\"image\/jpeg\" srcset=\"https:\/\/ilkedis.com\/app\/uploads\/2024\/01\/Ozel-Ilke-Agiz-ve-Dis-Sagligi-Poliklinigi_Photo-1024x639.jpeg 1024w, https:\/\/ilkedis.com\/app\/uploads\/2024\/01\/Ozel-Ilke-Agiz-ve-Dis-Sagligi-Poliklinigi_Photo-300x187.jpeg 300w, https:\/\/ilkedis.com\/app\/uploads\/2024\/01\/Ozel-Ilke-Agiz-ve-Dis-Sagligi-Poliklinigi_Photo-768x479.jpeg 768w\" sizes=\"(max-width: 1024px) 100vw, 1024px\"><img fetchpriority=\"high\" width=\"1024\" height=\"639\" src=\"https:\/\/ilkedis.com\/app\/uploads\/2024\/01\/Ozel-Ilke-Agiz-ve-Dis-Sagligi-Poliklinigi_Photo.jpeg\" class=\"attachment-1024x639 size-1024x639\" alt=\"\"><\/source><\/source><\/picture>\t\t\t\t\t\t\t\t\t\t\t\t\t<\/div>\n\t\t\t\t<\/div>\n\t\t\t\t\t<\/div>\n\t\t\t\t<\/div>\n\t\t\t\t\t<\/div>\n\t\t\t\t<\/section>\n\t\t<section class=\"elementor-element elementor-element-7de6baf3 mb-extreme e-flex e-con-boxed e-con e-parent\" data-id=\"7de6baf3\" data-element_type=\"container\">\n\t\t\t\t\t<div class=\"e-con-inner\">\n\t\t<div class=\"elementor-element elementor-element-724d2386 e-flex e-con-boxed e-con e-child\" data-id=\"724d2386\" data-element_type=\"container\">\n\t\t\t\t\t<div class=\"e-con-inner\">\n\t\t\t\t<div class=\"elementor-element elementor-element-246cf893 elementor-widget elementor-widget-heading\" data-id=\"246cf893\" data-element_type=\"widget\" data-widget_type=\"heading.default\">\n\t\t\t\t<div class=\"elementor-widget-container\">\n\t\t\t<h1 class=\"elementor-heading-title elementor-size-default\">Career Opportunities<\/h1>\t\t<\/div>\n\t\t\t\t<\/div>\n\t\t\t\t<div class=\"elementor-element elementor-element-6c98e116 elementor-widget elementor-widget-text-editor\" data-id=\"6c98e116\" data-element_type=\"widget\" data-widget_type=\"text-editor.default\">\n\t\t\t\t<div class=\"elementor-widget-container\">\n\t\t\t\t\t\t\t<p>At Ilke Oral and Dental Health Clinic, we are in need of talented and motivated candidates to work in various departments and positions. If you wish to be part of this dynamic environment and shape your career, you can submit your resume through the form below.<\/p>\n\t\t\t\t\t\t<\/div>\n\t\t\t\t<\/div>\n\t\t\t\t\t<\/div>\n\t\t\t\t<\/div>\n\t\t\t\t\t<\/div>\n\t\t\t\t<\/section>\n\t\t\t\t<\/div>\n\t\t\n\n\n","protected":false},"excerpt":{"rendered":"<p>At Ilke A\u011f\u0131z ve Di\u015f Poliklini\u011fi, we offer the highest quality oral and dental health services, as well as opportunities for you to advance your career. You can further advance your experience and successes in this industry by working with us.<\/p>\n","protected":false},"author":3,"featured_media":0,"parent":0,"menu_order":0,"comment_status":"closed","ping_status":"closed","template":"","meta":{"footnotes":""},"class_list":["post-9007","page","type-page","status-publish","hentry"],"metaboxes":{"rank_math_internal_links_processed":["1"],"_wpml_media_duplicate":["1"],"_wpml_media_featured":["1"],"_top_nav_excluded":[""],"_cms_nav_minihome":[""],"_wp_page_template":["default"],"_elementor_edit_mode":["builder"],"_elementor_template_type":["wp-page"],"_elementor_version":["3.22.3"],"_last_translation_edit_mode":["native-editor"],"_elementor_data":["[{\"id\":\"4a17cf3\",\"elType\":\"container\",\"settings\":{\"flex_direction\":\"row\",\"flex_gap\":{\"column\":\"50\",\"row\":\"50\",\"isLinked\":true,\"unit\":\"px\",\"size\":50},\"html_tag\":\"section\",\"css_classes\":\"mb-extreme\",\"padding\":{\"unit\":\"em\",\"top\":\"5\",\"right\":\"0\",\"bottom\":\"5\",\"left\":\"0\",\"isLinked\":false},\"padding_tablet\":{\"unit\":\"em\",\"top\":\"\",\"right\":\"\",\"bottom\":\"\",\"left\":\"\",\"isLinked\":true},\"padding_mobile\":{\"unit\":\"em\",\"top\":\"\",\"right\":\"\",\"bottom\":\"\",\"left\":\"\",\"isLinked\":true},\"flex_justify_content\":\"center\",\"flex_align_items\":\"center\"},\"elements\":[{\"id\":\"4f666ef2\",\"elType\":\"container\",\"settings\":{\"boxed_width\":{\"unit\":\"%\",\"size\":\"\",\"sizes\":[]},\"boxed_width_tablet\":{\"unit\":\"%\",\"size\":\"\",\"sizes\":[]},\"boxed_width_mobile\":{\"unit\":\"%\",\"size\":\"\",\"sizes\":[]}},\"elements\":[{\"id\":\"68a1b21d\",\"elType\":\"widget\",\"settings\":{\"title\":\"Career at Ilke Oral and Dental Health Clinic\",\"header_size\":\"span\",\"__globals__\":{\"title_color\":\"globals\\\/colors?id=accent\"},\"typography_typography\":\"custom\",\"typography_font_weight\":\"400\",\"typography_letter_spacing\":{\"unit\":\"em\",\"size\":0.15,\"sizes\":[]},\"typography_letter_spacing_tablet\":{\"unit\":\"em\",\"size\":\"\",\"sizes\":[]},\"typography_letter_spacing_mobile\":{\"unit\":\"em\",\"size\":\"\",\"sizes\":[]}},\"elements\":[],\"widgetType\":\"heading\"},{\"id\":\"54977b65\",\"elType\":\"widget\",\"settings\":{\"title\":\"Why ? <\\\/br><span class=\\\"highlight-gradient\\\">Ilke Oral and Dental Health Clinic<\\\/span> \",\"header_size\":\"h1\"},\"elements\":[],\"widgetType\":\"heading\"},{\"id\":\"b021a57\",\"elType\":\"widget\",\"settings\":{\"editor\":\"<ul>\\n<li><strong>Collaboration and Team Spirit: <\\\/strong> We believe in the power of collaboration and teamwork, supporting each other to celebrate success together.<\\\/li>\\n<\\\/ul>\\n\",\"custom_css\":\"selector * {\\n    margin-bottom: 0;\\n}\",\"content_width\":\"full\"},\"elements\":[],\"widgetType\":\"text-editor\"},{\"id\":\"b7aa4d2\",\"elType\":\"widget\",\"settings\":{\"editor\":\"<ul>\\n<li><strong>Continuous Improvement: <\\\/strong> We are committed to continuous learning and development, both at the corporate and individual levels.<\\\/li>\\n<\\\/ul>\\n\",\"custom_css\":\"selector * {\\n    margin-bottom: 0;\\n}\",\"content_width\":\"full\"},\"elements\":[],\"widgetType\":\"text-editor\"},{\"id\":\"f2891dc\",\"elType\":\"widget\",\"settings\":{\"editor\":\"<ul>\\n<li><strong>Investment in People:<\\\/strong> The happiness and success of our employees are fundamental to our organization's success.<\\\/li>\\n<\\\/ul>\\n\",\"custom_css\":\"selector * {\\n    margin-bottom: 0;\\n}\",\"content_width\":\"full\"},\"elements\":[],\"widgetType\":\"text-editor\"}],\"isInner\":true},{\"id\":\"37cf17e7\",\"elType\":\"container\",\"settings\":{\"boxed_width\":{\"unit\":\"%\",\"size\":\"\",\"sizes\":[]},\"boxed_width_tablet\":{\"unit\":\"%\",\"size\":\"\",\"sizes\":[]},\"boxed_width_mobile\":{\"unit\":\"%\",\"size\":\"\",\"sizes\":[]}},\"elements\":[{\"id\":\"399d4f8e\",\"elType\":\"widget\",\"settings\":{\"image\":{\"url\":\"https:\\\/\\\/ilkedis.com\\\/app\\\/uploads\\\/2024\\\/01\\\/Ozel-Ilke-Agiz-ve-Dis-Sagligi-Poliklinigi_Photo.jpeg\",\"id\":4629,\"size\":\"\",\"alt\":\"\",\"source\":\"library\"},\"height\":{\"unit\":\"vh\",\"size\":50,\"sizes\":[]},\"height_tablet\":{\"unit\":\"%\",\"size\":\"\",\"sizes\":[]},\"height_mobile\":{\"unit\":\"%\",\"size\":\"\",\"sizes\":[]},\"object-fit\":\"cover\",\"image_border_radius\":{\"unit\":\"px\",\"top\":\"16\",\"right\":\"16\",\"bottom\":\"16\",\"left\":\"16\",\"isLinked\":true}},\"elements\":[],\"widgetType\":\"image\"}],\"isInner\":true}],\"isInner\":false},{\"id\":\"7de6baf3\",\"elType\":\"container\",\"settings\":{\"flex_direction\":\"row\",\"flex_gap\":{\"column\":\"50\",\"row\":\"50\",\"isLinked\":true,\"unit\":\"px\",\"size\":50},\"html_tag\":\"section\",\"css_classes\":\"mb-extreme\",\"padding\":{\"unit\":\"em\",\"top\":\"5\",\"right\":\"0\",\"bottom\":\"5\",\"left\":\"0\",\"isLinked\":false},\"padding_tablet\":{\"unit\":\"em\",\"top\":\"\",\"right\":\"\",\"bottom\":\"\",\"left\":\"\",\"isLinked\":true},\"padding_mobile\":{\"unit\":\"em\",\"top\":\"\",\"right\":\"\",\"bottom\":\"\",\"left\":\"\",\"isLinked\":true},\"flex_justify_content\":\"center\",\"flex_align_items\":\"center\"},\"elements\":[{\"id\":\"724d2386\",\"elType\":\"container\",\"settings\":{\"boxed_width\":{\"unit\":\"px\",\"size\":800,\"sizes\":[]},\"boxed_width_tablet\":{\"unit\":\"%\",\"size\":\"\",\"sizes\":[]},\"boxed_width_mobile\":{\"unit\":\"%\",\"size\":\"\",\"sizes\":[]},\"flex_align_items\":\"center\",\"flex_wrap\":\"wrap\",\"flex_align_content\":\"center\"},\"elements\":[{\"id\":\"246cf893\",\"elType\":\"widget\",\"settings\":{\"title\":\"Career Opportunities\",\"header_size\":\"h1\",\"align\":\"center\"},\"elements\":[],\"widgetType\":\"heading\"},{\"id\":\"6c98e116\",\"elType\":\"widget\",\"settings\":{\"align\":\"center\",\"editor\":\"<p>At Ilke Oral and Dental Health Clinic, we are in need of talented and motivated candidates to work in various departments and positions. If you wish to be part of this dynamic environment and shape your career, you can submit your resume through the form below.<\\\/p>\\n\"},\"elements\":[],\"widgetType\":\"text-editor\"},{\"id\":\"713f358\",\"elType\":\"widget\",\"settings\":{\"content_width\":\"full\",\"select_form\":\"9\"},\"elements\":[],\"widgetType\":\"graivty-forms\"}],\"isInner\":true}],\"isInner\":false}]"],"_elementor_template_widget_type":[""],"_elementor_popup_display_settings":[""],"rank_math_og_content_image":["a:2:{s:5:\"check\";s:32:\"c39d40a90ff252b87b3fde2db262c72d\";s:6:\"images\";a:1:{i:0;s:101:\"https:\/\/ilkedis.com\/app\/uploads\/2024\/01\/Ozel-Ilke-Agiz-ve-Dis-Sagligi-Poliklinigi_Photo-1024x639.jpeg\";}}"],"_edit_lock":["1720800508:1"],"rank_math_seo_score":["6"],"_wpml_media_has_media":["1"],"_elementor_pro_version":["3.18.3"],"rank_math_analytic_object_id":["64"],"_elementor_css":["a:7:{s:4:\"time\";i:1740040693;s:5:\"fonts\";a:0:{}s:5:\"icons\";a:0:{}s:20:\"dynamic_elements_ids\";a:0:{}s:6:\"status\";s:6:\"inline\";i:0;s:0:\"\";s:3:\"css\";s:2557:\".elementor-9007 .elementor-element.elementor-element-4a17cf3{--display:flex;--flex-direction:row;--container-widget-width:calc( ( 1 - var( --container-widget-flex-grow ) ) * 100% );--container-widget-height:100%;--container-widget-flex-grow:1;--container-widget-align-self:stretch;--flex-wrap-mobile:wrap;--justify-content:center;--align-items:center;--gap:50px 50px;--background-transition:0.3s;--padding-top:5em;--padding-bottom:5em;--padding-left:0em;--padding-right:0em;}.elementor-9007 .elementor-element.elementor-element-4f666ef2{--display:flex;--background-transition:0.3s;}.elementor-9007 .elementor-element.elementor-element-68a1b21d .elementor-heading-title{color:var( --e-global-color-accent );font-weight:400;letter-spacing:0.15em;}.elementor-9007 .elementor-element.elementor-element-37cf17e7{--display:flex;--background-transition:0.3s;}.elementor-9007 .elementor-element.elementor-element-399d4f8e img{height:50vh;object-fit:cover;object-position:center center;border-radius:16px 16px 16px 16px;}.elementor-9007 .elementor-element.elementor-element-7de6baf3{--display:flex;--flex-direction:row;--container-widget-width:calc( ( 1 - var( --container-widget-flex-grow ) ) * 100% );--container-widget-height:100%;--container-widget-flex-grow:1;--container-widget-align-self:stretch;--flex-wrap-mobile:wrap;--justify-content:center;--align-items:center;--gap:50px 50px;--background-transition:0.3s;--padding-top:5em;--padding-bottom:5em;--padding-left:0em;--padding-right:0em;}.elementor-9007 .elementor-element.elementor-element-724d2386{--display:flex;--align-items:center;--container-widget-width:calc( ( 1 - var( --container-widget-flex-grow ) ) * 100% );--flex-wrap:wrap;--align-content:center;--background-transition:0.3s;}.elementor-9007 .elementor-element.elementor-element-246cf893{text-align:center;}.elementor-9007 .elementor-element.elementor-element-6c98e116{text-align:center;}@media(min-width:768px){.elementor-9007 .elementor-element.elementor-element-724d2386{--content-width:800px;}}\/* Start custom CSS for text-editor, class: .elementor-element-b021a57 *\/.elementor-9007 .elementor-element.elementor-element-b021a57 * {\n    margin-bottom: 0;\n}\/* End custom CSS *\/\n\/* Start custom CSS for text-editor, class: .elementor-element-b7aa4d2 *\/.elementor-9007 .elementor-element.elementor-element-b7aa4d2 * {\n    margin-bottom: 0;\n}\/* End custom CSS *\/\n\/* Start custom CSS for text-editor, class: .elementor-element-f2891dc *\/.elementor-9007 .elementor-element.elementor-element-f2891dc * {\n    margin-bottom: 0;\n}\/* End custom CSS *\/\";}"],"_elementor_page_assets":["a:1:{s:6:\"styles\";a:3:{i:0;s:14:\"widget-heading\";i:1;s:18:\"widget-text-editor\";i:2;s:12:\"widget-image\";}}"],"_elementor_element_cache":["{\"timeout\":1775631222,\"value\":{\"content\":\"<section class=\\\"elementor-element elementor-element-4a17cf3 mb-extreme e-flex e-con-boxed e-con e-parent\\\" data-id=\\\"4a17cf3\\\" data-element_type=\\\"container\\\">\\n\\t\\t\\t\\t\\t<div class=\\\"e-con-inner\\\">\\n\\t\\t<div class=\\\"elementor-element elementor-element-4f666ef2 e-flex e-con-boxed e-con e-child\\\" data-id=\\\"4f666ef2\\\" data-element_type=\\\"container\\\">\\n\\t\\t\\t\\t\\t<div class=\\\"e-con-inner\\\">\\n\\t\\t\\t\\t<div class=\\\"elementor-element elementor-element-68a1b21d elementor-widget elementor-widget-heading\\\" data-id=\\\"68a1b21d\\\" data-element_type=\\\"widget\\\" data-widget_type=\\\"heading.default\\\">\\n\\t\\t\\t\\t<div class=\\\"elementor-widget-container\\\">\\n\\t\\t\\t<span class=\\\"elementor-heading-title elementor-size-default\\\">Career at Ilke Oral and Dental Health Clinic<\\\/span>\\t\\t<\\\/div>\\n\\t\\t\\t\\t<\\\/div>\\n\\t\\t\\t\\t<div class=\\\"elementor-element elementor-element-54977b65 elementor-widget elementor-widget-heading\\\" data-id=\\\"54977b65\\\" data-element_type=\\\"widget\\\" data-widget_type=\\\"heading.default\\\">\\n\\t\\t\\t\\t<div class=\\\"elementor-widget-container\\\">\\n\\t\\t\\t<h1 class=\\\"elementor-heading-title elementor-size-default\\\">Why ? <\\\/br><span class=\\\"highlight-gradient\\\">Ilke Oral and Dental Health Clinic<\\\/span> <\\\/h1>\\t\\t<\\\/div>\\n\\t\\t\\t\\t<\\\/div>\\n\\t\\t\\t\\t<div class=\\\"elementor-element elementor-element-b021a57 elementor-widget elementor-widget-text-editor\\\" data-id=\\\"b021a57\\\" data-element_type=\\\"widget\\\" data-widget_type=\\\"text-editor.default\\\">\\n\\t\\t\\t\\t<div class=\\\"elementor-widget-container\\\">\\n\\t\\t\\t\\t\\t\\t\\t<ul>\\n<li><strong>Collaboration and Team Spirit: <\\\/strong> We believe in the power of collaboration and teamwork, supporting each other to celebrate success together.<\\\/li>\\n<\\\/ul>\\n\\t\\t\\t\\t\\t\\t<\\\/div>\\n\\t\\t\\t\\t<\\\/div>\\n\\t\\t\\t\\t<div class=\\\"elementor-element elementor-element-b7aa4d2 elementor-widget elementor-widget-text-editor\\\" data-id=\\\"b7aa4d2\\\" data-element_type=\\\"widget\\\" data-widget_type=\\\"text-editor.default\\\">\\n\\t\\t\\t\\t<div class=\\\"elementor-widget-container\\\">\\n\\t\\t\\t\\t\\t\\t\\t<ul>\\n<li><strong>Continuous Improvement: <\\\/strong> We are committed to continuous learning and development, both at the corporate and individual levels.<\\\/li>\\n<\\\/ul>\\n\\t\\t\\t\\t\\t\\t<\\\/div>\\n\\t\\t\\t\\t<\\\/div>\\n\\t\\t\\t\\t<div class=\\\"elementor-element elementor-element-f2891dc elementor-widget elementor-widget-text-editor\\\" data-id=\\\"f2891dc\\\" data-element_type=\\\"widget\\\" data-widget_type=\\\"text-editor.default\\\">\\n\\t\\t\\t\\t<div class=\\\"elementor-widget-container\\\">\\n\\t\\t\\t\\t\\t\\t\\t<ul>\\n<li><strong>Investment in People:<\\\/strong> The happiness and success of our employees are fundamental to our organization&#8217;s success.<\\\/li>\\n<\\\/ul>\\n\\t\\t\\t\\t\\t\\t<\\\/div>\\n\\t\\t\\t\\t<\\\/div>\\n\\t\\t\\t\\t\\t<\\\/div>\\n\\t\\t\\t\\t<\\\/div>\\n\\t\\t<div class=\\\"elementor-element elementor-element-37cf17e7 e-flex e-con-boxed e-con e-child\\\" data-id=\\\"37cf17e7\\\" data-element_type=\\\"container\\\">\\n\\t\\t\\t\\t\\t<div class=\\\"e-con-inner\\\">\\n\\t\\t\\t\\t<div class=\\\"elementor-element elementor-element-399d4f8e elementor-widget elementor-widget-image\\\" data-id=\\\"399d4f8e\\\" data-element_type=\\\"widget\\\" data-widget_type=\\\"image.default\\\">\\n\\t\\t\\t\\t<div class=\\\"elementor-widget-container\\\">\\n\\t\\t\\t\\t\\t\\t\\t\\t\\t\\t\\t\\t\\t<img width=\\\"1024\\\" height=\\\"639\\\" src=\\\"https:\\\/\\\/ilkedis.com\\\/app\\\/uploads\\\/2024\\\/01\\\/Ozel-Ilke-Agiz-ve-Dis-Sagligi-Poliklinigi_Photo-1024x639.jpeg\\\" class=\\\"attachment-large size-large wp-image-4629\\\" alt=\\\"\\\" srcset=\\\"https:\\\/\\\/ilkedis.com\\\/app\\\/uploads\\\/2024\\\/01\\\/Ozel-Ilke-Agiz-ve-Dis-Sagligi-Poliklinigi_Photo-1024x639.jpeg 1024w, https:\\\/\\\/ilkedis.com\\\/app\\\/uploads\\\/2024\\\/01\\\/Ozel-Ilke-Agiz-ve-Dis-Sagligi-Poliklinigi_Photo-300x187.jpeg 300w, https:\\\/\\\/ilkedis.com\\\/app\\\/uploads\\\/2024\\\/01\\\/Ozel-Ilke-Agiz-ve-Dis-Sagligi-Poliklinigi_Photo-768x479.jpeg 768w, https:\\\/\\\/ilkedis.com\\\/app\\\/uploads\\\/2024\\\/01\\\/Ozel-Ilke-Agiz-ve-Dis-Sagligi-Poliklinigi_Photo-1536x958.jpeg 1536w, https:\\\/\\\/ilkedis.com\\\/app\\\/uploads\\\/2024\\\/01\\\/Ozel-Ilke-Agiz-ve-Dis-Sagligi-Poliklinigi_Photo-80x50.jpeg 80w, https:\\\/\\\/ilkedis.com\\\/app\\\/uploads\\\/2024\\\/01\\\/Ozel-Ilke-Agiz-ve-Dis-Sagligi-Poliklinigi_Photo-40x25.jpeg 40w, https:\\\/\\\/ilkedis.com\\\/app\\\/uploads\\\/2024\\\/01\\\/Ozel-Ilke-Agiz-ve-Dis-Sagligi-Poliklinigi_Photo-537x335.jpeg 537w, https:\\\/\\\/ilkedis.com\\\/app\\\/uploads\\\/2024\\\/01\\\/Ozel-Ilke-Agiz-ve-Dis-Sagligi-Poliklinigi_Photo-641x400.jpeg 641w, https:\\\/\\\/ilkedis.com\\\/app\\\/uploads\\\/2024\\\/01\\\/Ozel-Ilke-Agiz-ve-Dis-Sagligi-Poliklinigi_Photo-185x115.jpeg 185w, https:\\\/\\\/ilkedis.com\\\/app\\\/uploads\\\/2024\\\/01\\\/Ozel-Ilke-Agiz-ve-Dis-Sagligi-Poliklinigi_Photo-110x69.jpeg 110w, https:\\\/\\\/ilkedis.com\\\/app\\\/uploads\\\/2024\\\/01\\\/Ozel-Ilke-Agiz-ve-Dis-Sagligi-Poliklinigi_Photo-485x303.jpeg 485w, https:\\\/\\\/ilkedis.com\\\/app\\\/uploads\\\/2024\\\/01\\\/Ozel-Ilke-Agiz-ve-Dis-Sagligi-Poliklinigi_Photo.jpeg 1920w\\\" sizes=\\\"(max-width: 1024px) 100vw, 1024px\\\" \\\/>\\t\\t\\t\\t\\t\\t\\t\\t\\t\\t\\t\\t\\t<\\\/div>\\n\\t\\t\\t\\t<\\\/div>\\n\\t\\t\\t\\t\\t<\\\/div>\\n\\t\\t\\t\\t<\\\/div>\\n\\t\\t\\t\\t\\t<\\\/div>\\n\\t\\t\\t\\t<\\\/section>\\n\\t\\t<section class=\\\"elementor-element elementor-element-7de6baf3 mb-extreme e-flex e-con-boxed e-con e-parent\\\" data-id=\\\"7de6baf3\\\" data-element_type=\\\"container\\\">\\n\\t\\t\\t\\t\\t<div class=\\\"e-con-inner\\\">\\n\\t\\t<div class=\\\"elementor-element elementor-element-724d2386 e-flex e-con-boxed e-con e-child\\\" data-id=\\\"724d2386\\\" data-element_type=\\\"container\\\">\\n\\t\\t\\t\\t\\t<div class=\\\"e-con-inner\\\">\\n\\t\\t\\t\\t<div class=\\\"elementor-element elementor-element-246cf893 elementor-widget elementor-widget-heading\\\" data-id=\\\"246cf893\\\" data-element_type=\\\"widget\\\" data-widget_type=\\\"heading.default\\\">\\n\\t\\t\\t\\t<div class=\\\"elementor-widget-container\\\">\\n\\t\\t\\t<h1 class=\\\"elementor-heading-title elementor-size-default\\\">Career Opportunities<\\\/h1>\\t\\t<\\\/div>\\n\\t\\t\\t\\t<\\\/div>\\n\\t\\t\\t\\t<div class=\\\"elementor-element elementor-element-6c98e116 elementor-widget elementor-widget-text-editor\\\" data-id=\\\"6c98e116\\\" data-element_type=\\\"widget\\\" data-widget_type=\\\"text-editor.default\\\">\\n\\t\\t\\t\\t<div class=\\\"elementor-widget-container\\\">\\n\\t\\t\\t\\t\\t\\t\\t<p>At Ilke Oral and Dental Health Clinic, we are in need of talented and motivated candidates to work in various departments and positions. If you wish to be part of this dynamic environment and shape your career, you can submit your resume through the form below.<\\\/p>\\n\\t\\t\\t\\t\\t\\t<\\\/div>\\n\\t\\t\\t\\t<\\\/div>\\n\\t\\t[elementor-element data=\\\"eyJpZCI6IjcxM2YzNTgiLCJlbFR5cGUiOiJ3aWRnZXQiLCJzZXR0aW5ncyI6eyJjb250ZW50X3dpZHRoIjoiZnVsbCIsInNlbGVjdF9mb3JtIjoiOSJ9LCJlbGVtZW50cyI6W10sIndpZGdldFR5cGUiOiJncmFpdnR5LWZvcm1zIn0=\\\"]\\t\\t\\t<\\\/div>\\n\\t\\t\\t\\t<\\\/div>\\n\\t\\t\\t\\t\\t<\\\/div>\\n\\t\\t\\t\\t<\\\/section>\\n\\t\\t\",\"scripts\":[],\"styles\":[]}}"]},"wpml_current_locale":"en_US","wpml_current_language_code":"en","wpml_translations":[{"locale":"tr_TR","language_code":"tr","id":18,"post_title":"\u0130nsan Kaynaklar\u0131","href":"https:\/\/ilkedis.com\/insan-kaynaklari\/"},{"locale":"de_DE","language_code":"de","id":9241,"post_title":"Personalwesen","href":"https:\/\/ilkedis.com\/de\/personalwesen\/"},{"locale":"ru_RU","language_code":"ru","id":9244,"post_title":"\u041e\u0442\u0434\u0435\u043b \u043a\u0430\u0434\u0440\u043e\u0432","href":"https:\/\/ilkedis.com\/ru\/human-resources\/"}],"_links":{"self":[{"href":"https:\/\/ilkedis.com\/en\/wp-json\/wp\/v2\/pages\/9007"}],"collection":[{"href":"https:\/\/ilkedis.com\/en\/wp-json\/wp\/v2\/pages"}],"about":[{"href":"https:\/\/ilkedis.com\/en\/wp-json\/wp\/v2\/types\/page"}],"author":[{"embeddable":true,"href":"https:\/\/ilkedis.com\/en\/wp-json\/wp\/v2\/users\/3"}],"replies":[{"embeddable":true,"href":"https:\/\/ilkedis.com\/en\/wp-json\/wp\/v2\/comments?post=9007"}],"version-history":[{"count":0,"href":"https:\/\/ilkedis.com\/en\/wp-json\/wp\/v2\/pages\/9007\/revisions"}],"wp:attachment":[{"href":"https:\/\/ilkedis.com\/en\/wp-json\/wp\/v2\/media?parent=9007"}],"curies":[{"name":"wp","href":"https:\/\/api.w.org\/{rel}","templated":true}]}}