{"id":9263,"date":"2024-01-29T22:33:14","date_gmt":"2024-01-29T22:33:14","guid":{"rendered":"https:\/\/ilkedis.com\/sitemap\/"},"modified":"2024-01-29T22:33:14","modified_gmt":"2024-01-29T22:33:14","slug":"sitemap","status":"publish","type":"page","link":"https:\/\/ilkedis.com\/de\/sitemap\/","title":{"rendered":"Sitemap"},"content":{"rendered":"","protected":false},"excerpt":{"rendered":"<p>Der Sitemap der \u00d6zel \u0130lke Klinik f\u00fcr Mund- und Zahngesundheit erm\u00f6glicht Ihnen eine einfache Navigation auf unserer Website. ntdecken Sie alle Seiten und Ressourcen.<\/p>\n","protected":false},"author":3,"featured_media":0,"parent":0,"menu_order":0,"comment_status":"closed","ping_status":"closed","template":"","meta":{"footnotes":""},"class_list":["post-9263","page","type-page","status-publish","hentry"],"metaboxes":{"rank_math_internal_links_processed":["1"],"_wpml_media_duplicate":["1"],"_wpml_media_featured":["1"],"_top_nav_excluded":[""],"_cms_nav_minihome":[""],"rank_math_description":["Der Sitemap der \u00d6zel \u0130lke Klinik f\u00fcr Mund- und Zahngesundheit erm\u00f6glicht Ihnen eine einfache Navigation auf unserer Website. Entdecken Sie alle Seiten und Ressourcen."],"rank_math_focus_keyword":["Sitemap"],"_cmplz_remote_scanned_post":["1"],"_cmplz_scanned_post":["1"]},"wpml_current_locale":"de_DE","wpml_current_language_code":"de","wpml_translations":[{"locale":"tr_TR","language_code":"tr","id":4706,"post_title":"Site Haritas\u0131","href":"https:\/\/ilkedis.com\/site-haritasi\/"},{"locale":"en_US","language_code":"en","id":9010,"post_title":"Sitemap","href":"https:\/\/ilkedis.com\/en\/sitemap\/"},{"locale":"ru_RU","language_code":"ru","id":9264,"post_title":"\u041a\u0430\u0440\u0442\u0430 \u0441\u0430\u0439\u0442\u0430","href":"https:\/\/ilkedis.com\/ru\/sitemap\/"}],"_links":{"self":[{"href":"https:\/\/ilkedis.com\/de\/wp-json\/wp\/v2\/pages\/9263"}],"collection":[{"href":"https:\/\/ilkedis.com\/de\/wp-json\/wp\/v2\/pages"}],"about":[{"href":"https:\/\/ilkedis.com\/de\/wp-json\/wp\/v2\/types\/page"}],"author":[{"embeddable":true,"href":"https:\/\/ilkedis.com\/de\/wp-json\/wp\/v2\/users\/3"}],"replies":[{"embeddable":true,"href":"https:\/\/ilkedis.com\/de\/wp-json\/wp\/v2\/comments?post=9263"}],"version-history":[{"count":0,"href":"https:\/\/ilkedis.com\/de\/wp-json\/wp\/v2\/pages\/9263\/revisions"}],"wp:attachment":[{"href":"https:\/\/ilkedis.com\/de\/wp-json\/wp\/v2\/media?parent=9263"}],"curies":[{"name":"wp","href":"https:\/\/api.w.org\/{rel}","templated":true}]}}