{"id":9226,"date":"2023-12-09T19:46:22","date_gmt":"2023-12-09T19:46:22","guid":{"rendered":"https:\/\/ilkedis.com\/unsere-aerzte\/"},"modified":"2024-07-23T11:33:54","modified_gmt":"2024-07-23T11:33:54","slug":"unsere-aerzte","status":"publish","type":"page","link":"https:\/\/ilkedis.com\/de\/unsere-aerzte\/","title":{"rendered":"Unsere \u00c4rzte"},"content":{"rendered":"","protected":false},"excerpt":{"rendered":"<p>Die \u0130lke Klinik f\u00fcr Mund- und Zahngesundheit ist stolz darauf, in Izmir hochwertige Zahnbehandlungen mit unserem Team aus erfahrenen und spezialisierten Zahn\u00e4rzten anzubieten. Jeder unserer Zahn\u00e4rzte ist bestrebt, Ihnen die bestm\u00f6gliche Behandlung zu bieten, indem er die modernen zahnmedizinischen Verfahren verfolgt.<\/p>\n","protected":false},"author":3,"featured_media":0,"parent":0,"menu_order":0,"comment_status":"closed","ping_status":"closed","template":"","meta":{"footnotes":""},"class_list":["post-9226","page","type-page","status-publish","hentry"],"metaboxes":{"rank_math_internal_links_processed":["1"],"_wpml_media_duplicate":["1"],"_wpml_media_featured":["1"],"_top_nav_excluded":[""],"_cms_nav_minihome":[""],"_last_translation_edit_mode":["translation-editor"],"rank_math_description":["Die \u0130lke Klinik f\u00fcr Mund- und Zahngesundheit ist stolz darauf, in Izmir hochwertige Zahnbehandlungen mit unserem Team aus erfahrenen und spezialisierten Zahn\u00e4rzten anzubieten."],"rank_math_focus_keyword":["Unsere \u00c4rzte, Unsere Zahn\u00e4rzte, Unsere \u00c4rzte"]},"wpml_current_locale":"de_DE","wpml_current_language_code":"de","wpml_translations":[{"locale":"tr_TR","language_code":"tr","id":26,"post_title":"Hekimlerimiz","href":"https:\/\/ilkedis.com\/hekimlerimiz\/"},{"locale":"en_US","language_code":"en","id":9000,"post_title":"Our Dentists","href":"https:\/\/ilkedis.com\/en\/our-dentists\/"},{"locale":"ru_RU","language_code":"ru","id":9228,"post_title":"\u043d\u0430\u0448\u0438 \u0432\u0440\u0430\u0447\u0438","href":"https:\/\/ilkedis.com\/ru\/our-dentist\/"}],"_links":{"self":[{"href":"https:\/\/ilkedis.com\/de\/wp-json\/wp\/v2\/pages\/9226"}],"collection":[{"href":"https:\/\/ilkedis.com\/de\/wp-json\/wp\/v2\/pages"}],"about":[{"href":"https:\/\/ilkedis.com\/de\/wp-json\/wp\/v2\/types\/page"}],"author":[{"embeddable":true,"href":"https:\/\/ilkedis.com\/de\/wp-json\/wp\/v2\/users\/3"}],"replies":[{"embeddable":true,"href":"https:\/\/ilkedis.com\/de\/wp-json\/wp\/v2\/comments?post=9226"}],"version-history":[{"count":0,"href":"https:\/\/ilkedis.com\/de\/wp-json\/wp\/v2\/pages\/9226\/revisions"}],"wp:attachment":[{"href":"https:\/\/ilkedis.com\/de\/wp-json\/wp\/v2\/media?parent=9226"}],"curies":[{"name":"wp","href":"https:\/\/api.w.org\/{rel}","templated":true}]}}