{"id":9097,"date":"2023-12-09T19:47:51","date_gmt":"2023-12-09T19:47:51","guid":{"rendered":"https:\/\/ilkedis.com\/kooperationspartner\/"},"modified":"2024-07-15T21:51:27","modified_gmt":"2024-07-15T21:51:27","slug":"kooperationspartner","status":"publish","type":"page","link":"https:\/\/ilkedis.com\/de\/kooperationspartner\/","title":{"rendered":"Kooperationspartner"},"content":{"rendered":"<div data-elementor-type=\"wp-page\" data-elementor-id=\"9097\" class=\"elementor elementor-9097 elementor-28\" data-elementor-post-type=\"page\">\n\t\t\t\t<section class=\"elementor-element elementor-element-4f579bff mb-extreme e-flex e-con-boxed e-con e-parent\" data-id=\"4f579bff\" data-element_type=\"container\">\n\t\t\t\t\t<div class=\"e-con-inner\">\n\t\t<div class=\"elementor-element elementor-element-54b0633f e-flex e-con-boxed e-con e-child\" data-id=\"54b0633f\" data-element_type=\"container\">\n\t\t\t\t\t<div class=\"e-con-inner\">\n\t\t\t\t<div class=\"elementor-element elementor-element-60891ac2 elementor-widget elementor-widget-text-editor\" data-id=\"60891ac2\" data-element_type=\"widget\" data-widget_type=\"text-editor.default\">\n\t\t\t\t<div class=\"elementor-widget-container\">\n\t\t\t\t\t\t\t<p>Die &#304;lke Klinik f&uuml;r Mund- und Zahngesundheit unterstreicht ihre Servicequalit&auml;t durch Partnerschaften mit f&uuml;hrenden Versicherungsunternehmen und Institutionen. Durch die Pr&auml;ferenz unserer Partnerinstitutionen stellen wir Vertrauen und Zufriedenheit in den Vordergrund.<\/p>\n\t\t\t\t\t\t<\/div>\n\t\t\t\t<\/div>\n\t\t\t\t<div class=\"elementor-element elementor-element-76391580 elementor-widget elementor-widget-heading\" data-id=\"76391580\" data-element_type=\"widget\" data-widget_type=\"heading.default\">\n\t\t\t\t<div class=\"elementor-widget-container\">\n\t\t\t<h4 class=\"elementor-heading-title elementor-size-default\">Vertrauensw&uuml;rdige <span class=\"highlight-gradient\">Versicherungsunternehmen\n<\/span><\/h4>\t\t<\/div>\n\t\t\t\t<\/div>\n\t\t\t\t<div class=\"elementor-element elementor-element-f7421a9 elementor-widget elementor-widget-text-editor\" data-id=\"f7421a9\" data-element_type=\"widget\" data-widget_type=\"text-editor.default\">\n\t\t\t\t<div class=\"elementor-widget-container\">\n\t\t\t\t\t\t\tIn Zusammenarbeit mit f&uuml;hrenden t&uuml;rkischen Versicherungsunternehmen wie Allianz, AvivaSA, HDI Sigorta und Mapfre Sigorta stellen wir sicher, dass Ihre Zahnbehandlungen abgedeckt sind. Mit Behandlungen, die im Rahmen Ihrer privaten Krankenversicherung durchgef&uuml;hrt werden, bieten wir Ihnen die bestm&ouml;gliche Qualit&auml;t.\n\t\t\t\t\t\t<\/div>\n\t\t\t\t<\/div>\n\t\t\t\t<div class=\"elementor-element elementor-element-c2efb45 elementor-widget elementor-widget-heading\" data-id=\"c2efb45\" data-element_type=\"widget\" data-widget_type=\"heading.default\">\n\t\t\t\t<div class=\"elementor-widget-container\">\n\t\t\t<h4 class=\"elementor-heading-title elementor-size-default\"> <span class=\"highlight-gradient\">Lebens- und Rentenleistungen \n\n<\/span><\/h4>\t\t<\/div>\n\t\t\t\t<\/div>\n\t\t\t\t<div class=\"elementor-element elementor-element-90e0036 elementor-widget elementor-widget-text-editor\" data-id=\"90e0036\" data-element_type=\"widget\" data-widget_type=\"text-editor.default\">\n\t\t\t\t<div class=\"elementor-widget-container\">\n\t\t\t\t\t\t\tIn Zusammenarbeit mit lebensfrohen Unternehmen wie Aegon Hayat Emeklilik, Kat&#305;l&#305;m Emeklilik und FibaEmeklilik sorgen wir f&uuml;r ein gesundes L&auml;cheln. In Zusammenarbeit mit diesen Institutionen bieten wir spezielle Dienstleistungen an.\n\t\t\t\t\t\t<\/div>\n\t\t\t\t<\/div>\n\t\t\t\t\t<\/div>\n\t\t\t\t<\/div>\n\t\t\t\t\t<\/div>\n\t\t\t\t<\/section>\n\t\t<section class=\"elementor-element elementor-element-35e53de8 mb-extreme e-flex e-con-boxed e-con e-parent\" data-id=\"35e53de8\" data-element_type=\"container\">\n\t\t\t\t\t<div class=\"e-con-inner\">\n\t\t\t\t<div class=\"elementor-element elementor-element-4f80b868 elementor-widget elementor-widget-shortcode\" data-id=\"4f80b868\" data-element_type=\"widget\" data-widget_type=\"shortcode.default\">\n\t\t\t\t<div class=\"elementor-widget-container\">\n\t\t\t\t\t<div class=\"elementor-shortcode\">\n\t<div class=\"Clients\">\n\t\n\t\t<div class=\"Clients__item\">\n\t\t\t<img fetchpriority=\"high\" decoding=\"async\" width=\"2500\" height=\"2274\" src=\"https:\/\/ilkedis.com\/app\/uploads\/2024\/01\/Aegon-Hayat-Emeklilik-Logo.svg\" class=\" wp-post-image\" alt=\"\" title=\"\">\t\t<\/div>\n\n\t\n\t\t<div class=\"Clients__item\">\n\t\t\t<img decoding=\"async\" width=\"518\" height=\"48\" src=\"https:\/\/ilkedis.com\/app\/uploads\/2024\/01\/Turkiye-Sigorta-Logo.svg\" class=\" wp-post-image\" alt=\"\" title=\"\">\t\t<\/div>\n\n\t\n\t\t<div class=\"Clients__item\">\n\t\t\t<img decoding=\"async\" width=\"169\" height=\"32\" src=\"https:\/\/ilkedis.com\/app\/uploads\/2024\/01\/OdeaBank-Logo.svg\" class=\" wp-post-image\" alt=\"\" title=\"\">\t\t<\/div>\n\n\t\n\t\t<div class=\"Clients__item\">\n\t\t\t<img loading=\"lazy\" decoding=\"async\" width=\"618\" height=\"73\" src=\"https:\/\/ilkedis.com\/app\/uploads\/2024\/01\/Mapfre-Sigorta-Logo.svg\" class=\" wp-post-image\" alt=\"\" title=\"\">\t\t<\/div>\n\n\t\n\t\t<div class=\"Clients__item\">\n\t\t\t<img loading=\"lazy\" decoding=\"async\" width=\"168\" height=\"40\" src=\"https:\/\/ilkedis.com\/app\/uploads\/2024\/01\/Katilim-Emeklilik-Logo.svg\" class=\" wp-post-image\" alt=\"\" title=\"\">\t\t<\/div>\n\n\t\n\t\t<div class=\"Clients__item\">\n\t\t\t<img loading=\"lazy\" decoding=\"async\" width=\"2048\" height=\"1536\" src=\"https:\/\/ilkedis.com\/app\/uploads\/2024\/01\/HDI-Sigorta-Logo.svg\" class=\" wp-post-image\" alt=\"\" title=\"\">\t\t<\/div>\n\n\t\n\t\t<div class=\"Clients__item\">\n\t\t\t<img loading=\"lazy\" decoding=\"async\" width=\"1425\" height=\"190\" src=\"https:\/\/ilkedis.com\/app\/uploads\/2024\/01\/Fiba-Emeklilik.svg\" class=\" wp-post-image\" alt=\"\" title=\"\">\t\t<\/div>\n\n\t\n\t\t<div class=\"Clients__item\">\n\t\t\t<img loading=\"lazy\" decoding=\"async\" width=\"483\" height=\"90\" src=\"https:\/\/ilkedis.com\/app\/uploads\/2024\/01\/Ethica-Sigorta-Logo.svg\" class=\" wp-post-image\" alt=\"\" title=\"\">\t\t<\/div>\n\n\t\n\t\t<div class=\"Clients__item\">\n\t\t\t<img loading=\"lazy\" decoding=\"async\" width=\"240\" height=\"71\" src=\"https:\/\/ilkedis.com\/app\/uploads\/2024\/01\/Bupa-Acibadem-Sigorta-Logo.svg\" class=\" wp-post-image\" alt=\"\" title=\"\">\t\t<\/div>\n\n\t\n\t\t<div class=\"Clients__item\">\n\t\t\t<img loading=\"lazy\" decoding=\"async\" width=\"716\" height=\"156\" src=\"https:\/\/ilkedis.com\/app\/uploads\/2024\/01\/Avivasa-Logo.svg\" class=\" wp-post-image\" alt=\"\" title=\"\">\t\t<\/div>\n\n\t\n\t\t<div class=\"Clients__item\">\n\t\t\t<img loading=\"lazy\" decoding=\"async\" width=\"399\" height=\"99\" src=\"https:\/\/ilkedis.com\/app\/uploads\/2024\/01\/Allianz-Logo.svg\" class=\" wp-post-image\" alt=\"\" title=\"\">\t\t<\/div>\n\n\t\n\t\t<div class=\"Clients__item\">\n\t\t\t<img loading=\"lazy\" decoding=\"async\" width=\"509\" height=\"286\" src=\"https:\/\/ilkedis.com\/app\/uploads\/2024\/01\/Ak-Sigorta-Logo.svg\" class=\" wp-post-image\" alt=\"\" title=\"\">\t\t<\/div>\n\n\t\t\t\t<\/div>\n\n\t<\/div>\n\t\t\t\t<\/div>\n\t\t\t\t<\/div>\n\t\t\t\t<div class=\"elementor-element elementor-element-18b3fac elementor-widget elementor-widget-text-editor\" data-id=\"18b3fac\" data-element_type=\"widget\" data-widget_type=\"text-editor.default\">\n\t\t\t\t<div class=\"elementor-widget-container\">\n\t\t\t\t\t\t\t<p>Mit unserem Expertenteam und unserem Qualit&auml;tsverst&auml;ndnis sichern wir Zahnbehandlungen f&uuml;r alle Einzel- und Firmenkunden unserer Partnerinstitutionen. Werden Sie einer der vertrauensw&uuml;rdigen Partnerinstitutionen der &Ouml;zel &#304;lke Klinik f&uuml;r Mund- und Zahngesundheit und gewinnen Sie ein gesundes L&auml;cheln.<\/p>\n\t\t\t\t\t\t<\/div>\n\t\t\t\t<\/div>\n\t\t\t\t\t<\/div>\n\t\t\t\t<\/section>\n\t\t\t\t<\/div>\n\t\t\n\n\n","protected":false},"excerpt":{"rendered":"<p>Die \u0130lke Klinik f\u00fcr Mund- und Zahngesundheit in \u0130zmir bietet hochwertige Zahnbehandlungen und professionelle Mundpflege in Zusammenarbeit mit Partnerinstitutionen.<\/p>\n","protected":false},"author":3,"featured_media":0,"parent":0,"menu_order":0,"comment_status":"closed","ping_status":"closed","template":"","meta":{"footnotes":""},"class_list":["post-9097","page","type-page","status-publish","hentry"],"metaboxes":{"rank_math_internal_links_processed":["1"],"_elementor_edit_mode":["builder"],"_elementor_template_type":["wp-page"],"_elementor_version":["3.21.3"],"_wpml_media_duplicate":["1"],"_wpml_media_featured":["1"],"_top_nav_excluded":[""],"_cms_nav_minihome":[""],"_wp_page_template":["default"],"rank_math_focus_keyword":["Partnerinstitutionen, \u0130zmir Zahnklinik, \u0130zmir Klinik f\u00fcr Mund- und Zahngesundheit, \u0130zmir Zahnklinik, \u0130zmir Zahnarzt, \u0130zmir Partnerzahnarzt, \u0130zmir Klinik f\u00fcr Zahnversicherung, \u0130zmir Partnerzahnklinik"],"_elementor_data":["[{\"id\":\"4f579bff\",\"elType\":\"container\",\"settings\":{\"flex_direction\":\"row\",\"flex_gap\":{\"column\":\"50\",\"row\":\"50\",\"isLinked\":true,\"unit\":\"px\",\"size\":50},\"html_tag\":\"section\",\"css_classes\":\"mb-extreme\",\"padding\":{\"unit\":\"em\",\"top\":\"5\",\"right\":\"0\",\"bottom\":\"0\",\"left\":\"0\",\"isLinked\":false},\"padding_tablet\":{\"unit\":\"em\",\"top\":\"\",\"right\":\"\",\"bottom\":\"\",\"left\":\"\",\"isLinked\":true},\"padding_mobile\":{\"unit\":\"em\",\"top\":\"\",\"right\":\"\",\"bottom\":\"\",\"left\":\"\",\"isLinked\":true},\"flex_justify_content\":\"center\",\"flex_align_items\":\"center\"},\"elements\":[{\"id\":\"54b0633f\",\"elType\":\"container\",\"settings\":{\"boxed_width\":{\"unit\":\"px\",\"size\":800,\"sizes\":[]},\"boxed_width_tablet\":{\"unit\":\"%\",\"size\":\"\",\"sizes\":[]},\"boxed_width_mobile\":{\"unit\":\"%\",\"size\":\"\",\"sizes\":[]},\"flex_align_items\":\"center\",\"flex_wrap\":\"wrap\",\"flex_align_content\":\"center\"},\"elements\":[{\"id\":\"60891ac2\",\"elType\":\"widget\",\"settings\":{\"align\":\"center\",\"editor\":\"<p>Die \\u0130lke Klinik f\\u00fcr Mund- und Zahngesundheit unterstreicht ihre Servicequalit\\u00e4t durch Partnerschaften mit f\\u00fchrenden Versicherungsunternehmen und Institutionen. Durch die Pr\\u00e4ferenz unserer Partnerinstitutionen stellen wir Vertrauen und Zufriedenheit in den Vordergrund.<\\\/p>\\n\"},\"elements\":[],\"widgetType\":\"text-editor\"},{\"id\":\"76391580\",\"elType\":\"widget\",\"settings\":{\"title\":\"Vertrauensw\\u00fcrdige <span class=\\\"highlight-gradient\\\">Versicherungsunternehmen\\n<\\\/span>\",\"header_size\":\"h4\",\"align\":\"center\"},\"elements\":[],\"widgetType\":\"heading\"},{\"id\":\"f7421a9\",\"elType\":\"widget\",\"settings\":{\"align\":\"center\",\"editor\":\"In Zusammenarbeit mit f\\u00fchrenden t\\u00fcrkischen Versicherungsunternehmen wie Allianz, AvivaSA, HDI Sigorta und Mapfre Sigorta stellen wir sicher, dass Ihre Zahnbehandlungen abgedeckt sind. Mit Behandlungen, die im Rahmen Ihrer privaten Krankenversicherung durchgef\\u00fchrt werden, bieten wir Ihnen die bestm\\u00f6gliche Qualit\\u00e4t.\\n\"},\"elements\":[],\"widgetType\":\"text-editor\"},{\"id\":\"c2efb45\",\"elType\":\"widget\",\"settings\":{\"title\":\" <span class=\\\"highlight-gradient\\\">Lebens- und Rentenleistungen \\n\\n<\\\/span>\",\"header_size\":\"h4\",\"align\":\"center\"},\"elements\":[],\"widgetType\":\"heading\"},{\"id\":\"90e0036\",\"elType\":\"widget\",\"settings\":{\"align\":\"center\",\"editor\":\"In Zusammenarbeit mit lebensfrohen Unternehmen wie Aegon Hayat Emeklilik, Kat\\u0131l\\u0131m Emeklilik und FibaEmeklilik sorgen wir f\\u00fcr ein gesundes L\\u00e4cheln. In Zusammenarbeit mit diesen Institutionen bieten wir spezielle Dienstleistungen an.\\n\"},\"elements\":[],\"widgetType\":\"text-editor\"}],\"isInner\":true}],\"isInner\":false},{\"id\":\"35e53de8\",\"elType\":\"container\",\"settings\":{\"html_tag\":\"section\",\"css_classes\":\"mb-extreme\",\"flex_align_items\":\"center\",\"flex_justify_content\":\"center\",\"flex_gap\":{\"column\":\"50\",\"row\":\"50\",\"isLinked\":true,\"unit\":\"px\",\"size\":50},\"padding\":{\"unit\":\"em\",\"top\":\"0\",\"right\":\"0\",\"bottom\":\"5\",\"left\":\"0\",\"isLinked\":false},\"padding_tablet\":{\"unit\":\"em\",\"top\":\"\",\"right\":\"\",\"bottom\":\"\",\"left\":\"\",\"isLinked\":true},\"padding_mobile\":{\"unit\":\"em\",\"top\":\"\",\"right\":\"\",\"bottom\":\"\",\"left\":\"\",\"isLinked\":true},\"flex_justify_content_mobile\":\"center\",\"flex_align_items_mobile\":\"center\"},\"elements\":[{\"id\":\"4f80b868\",\"elType\":\"widget\",\"settings\":{\"shortcode\":\"[clients posts=\\\"-1\\\"]\"},\"elements\":[],\"widgetType\":\"shortcode\"},{\"id\":\"18b3fac\",\"elType\":\"widget\",\"settings\":{\"align\":\"center\",\"editor\":\"<p>Mit unserem Expertenteam und unserem Qualit\\u00e4tsverst\\u00e4ndnis sichern wir Zahnbehandlungen f\\u00fcr alle Einzel- und Firmenkunden unserer Partnerinstitutionen. Werden Sie einer der vertrauensw\\u00fcrdigen Partnerinstitutionen der \\u00d6zel \\u0130lke Klinik f\\u00fcr Mund- und Zahngesundheit und gewinnen Sie ein gesundes L\\u00e4cheln.<\\\/p>\\n\"},\"elements\":[],\"widgetType\":\"text-editor\"}],\"isInner\":false}]"],"_elementor_template_widget_type":[""],"_elementor_popup_display_settings":[""],"_last_translation_edit_mode":["translation-editor"],"rank_math_seo_score":["22"],"rank_math_analytic_object_id":["59"],"_elementor_css":["a:7:{s:4:\"time\";i:1740065508;s:5:\"fonts\";a:0:{}s:5:\"icons\";a:0:{}s:20:\"dynamic_elements_ids\";a:0:{}s:6:\"status\";s:6:\"inline\";i:0;s:0:\"\";s:3:\"css\";s:1869:\".elementor-9097 .elementor-element.elementor-element-4f579bff{--display:flex;--flex-direction:row;--container-widget-width:calc( ( 1 - var( --container-widget-flex-grow ) ) * 100% );--container-widget-height:100%;--container-widget-flex-grow:1;--container-widget-align-self:stretch;--flex-wrap-mobile:wrap;--justify-content:center;--align-items:center;--gap:50px 50px;--background-transition:0.3s;--padding-top:5em;--padding-bottom:0em;--padding-left:0em;--padding-right:0em;}.elementor-9097 .elementor-element.elementor-element-54b0633f{--display:flex;--align-items:center;--container-widget-width:calc( ( 1 - var( --container-widget-flex-grow ) ) * 100% );--flex-wrap:wrap;--align-content:center;--background-transition:0.3s;}.elementor-9097 .elementor-element.elementor-element-60891ac2{text-align:center;}.elementor-9097 .elementor-element.elementor-element-76391580{text-align:center;}.elementor-9097 .elementor-element.elementor-element-f7421a9{text-align:center;}.elementor-9097 .elementor-element.elementor-element-c2efb45{text-align:center;}.elementor-9097 .elementor-element.elementor-element-90e0036{text-align:center;}.elementor-9097 .elementor-element.elementor-element-35e53de8{--display:flex;--justify-content:center;--align-items:center;--container-widget-width:calc( ( 1 - var( --container-widget-flex-grow ) ) * 100% );--gap:50px 50px;--background-transition:0.3s;--padding-top:0em;--padding-bottom:5em;--padding-left:0em;--padding-right:0em;}.elementor-9097 .elementor-element.elementor-element-18b3fac{text-align:center;}@media(max-width:767px){.elementor-9097 .elementor-element.elementor-element-35e53de8{--justify-content:center;--align-items:center;--container-widget-width:calc( ( 1 - var( --container-widget-flex-grow ) ) * 100% );}}@media(min-width:768px){.elementor-9097 .elementor-element.elementor-element-54b0633f{--content-width:800px;}}\";}"],"_elementor_page_assets":["a:1:{s:6:\"styles\";a:2:{i:0;s:18:\"widget-text-editor\";i:1;s:14:\"widget-heading\";}}"],"_elementor_element_cache":["{\"timeout\":1775647189,\"value\":{\"content\":\"<section class=\\\"elementor-element elementor-element-4f579bff mb-extreme e-flex e-con-boxed e-con e-parent\\\" data-id=\\\"4f579bff\\\" data-element_type=\\\"container\\\">\\n\\t\\t\\t\\t\\t<div class=\\\"e-con-inner\\\">\\n\\t\\t<div class=\\\"elementor-element elementor-element-54b0633f e-flex e-con-boxed e-con e-child\\\" data-id=\\\"54b0633f\\\" data-element_type=\\\"container\\\">\\n\\t\\t\\t\\t\\t<div class=\\\"e-con-inner\\\">\\n\\t\\t\\t\\t<div class=\\\"elementor-element elementor-element-60891ac2 elementor-widget elementor-widget-text-editor\\\" data-id=\\\"60891ac2\\\" data-element_type=\\\"widget\\\" data-widget_type=\\\"text-editor.default\\\">\\n\\t\\t\\t\\t<div class=\\\"elementor-widget-container\\\">\\n\\t\\t\\t\\t\\t\\t\\t<p>Die \\u0130lke Klinik f\\u00fcr Mund- und Zahngesundheit unterstreicht ihre Servicequalit\\u00e4t durch Partnerschaften mit f\\u00fchrenden Versicherungsunternehmen und Institutionen. Durch die Pr\\u00e4ferenz unserer Partnerinstitutionen stellen wir Vertrauen und Zufriedenheit in den Vordergrund.<\\\/p>\\n\\t\\t\\t\\t\\t\\t<\\\/div>\\n\\t\\t\\t\\t<\\\/div>\\n\\t\\t\\t\\t<div class=\\\"elementor-element elementor-element-76391580 elementor-widget elementor-widget-heading\\\" data-id=\\\"76391580\\\" data-element_type=\\\"widget\\\" data-widget_type=\\\"heading.default\\\">\\n\\t\\t\\t\\t<div class=\\\"elementor-widget-container\\\">\\n\\t\\t\\t<h4 class=\\\"elementor-heading-title elementor-size-default\\\">Vertrauensw\\u00fcrdige <span class=\\\"highlight-gradient\\\">Versicherungsunternehmen\\n<\\\/span><\\\/h4>\\t\\t<\\\/div>\\n\\t\\t\\t\\t<\\\/div>\\n\\t\\t\\t\\t<div class=\\\"elementor-element elementor-element-f7421a9 elementor-widget elementor-widget-text-editor\\\" data-id=\\\"f7421a9\\\" data-element_type=\\\"widget\\\" data-widget_type=\\\"text-editor.default\\\">\\n\\t\\t\\t\\t<div class=\\\"elementor-widget-container\\\">\\n\\t\\t\\t\\t\\t\\t\\tIn Zusammenarbeit mit f\\u00fchrenden t\\u00fcrkischen Versicherungsunternehmen wie Allianz, AvivaSA, HDI Sigorta und Mapfre Sigorta stellen wir sicher, dass Ihre Zahnbehandlungen abgedeckt sind. Mit Behandlungen, die im Rahmen Ihrer privaten Krankenversicherung durchgef\\u00fchrt werden, bieten wir Ihnen die bestm\\u00f6gliche Qualit\\u00e4t.\\n\\t\\t\\t\\t\\t\\t<\\\/div>\\n\\t\\t\\t\\t<\\\/div>\\n\\t\\t\\t\\t<div class=\\\"elementor-element elementor-element-c2efb45 elementor-widget elementor-widget-heading\\\" data-id=\\\"c2efb45\\\" data-element_type=\\\"widget\\\" data-widget_type=\\\"heading.default\\\">\\n\\t\\t\\t\\t<div class=\\\"elementor-widget-container\\\">\\n\\t\\t\\t<h4 class=\\\"elementor-heading-title elementor-size-default\\\"> <span class=\\\"highlight-gradient\\\">Lebens- und Rentenleistungen \\n\\n<\\\/span><\\\/h4>\\t\\t<\\\/div>\\n\\t\\t\\t\\t<\\\/div>\\n\\t\\t\\t\\t<div class=\\\"elementor-element elementor-element-90e0036 elementor-widget elementor-widget-text-editor\\\" data-id=\\\"90e0036\\\" data-element_type=\\\"widget\\\" data-widget_type=\\\"text-editor.default\\\">\\n\\t\\t\\t\\t<div class=\\\"elementor-widget-container\\\">\\n\\t\\t\\t\\t\\t\\t\\tIn Zusammenarbeit mit lebensfrohen Unternehmen wie Aegon Hayat Emeklilik, Kat\\u0131l\\u0131m Emeklilik und FibaEmeklilik sorgen wir f\\u00fcr ein gesundes L\\u00e4cheln. In Zusammenarbeit mit diesen Institutionen bieten wir spezielle Dienstleistungen an.\\n\\t\\t\\t\\t\\t\\t<\\\/div>\\n\\t\\t\\t\\t<\\\/div>\\n\\t\\t\\t\\t\\t<\\\/div>\\n\\t\\t\\t\\t<\\\/div>\\n\\t\\t\\t\\t\\t<\\\/div>\\n\\t\\t\\t\\t<\\\/section>\\n\\t\\t<section class=\\\"elementor-element elementor-element-35e53de8 mb-extreme e-flex e-con-boxed e-con e-parent\\\" data-id=\\\"35e53de8\\\" data-element_type=\\\"container\\\">\\n\\t\\t\\t\\t\\t<div class=\\\"e-con-inner\\\">\\n\\t\\t[elementor-element data=\\\"eyJpZCI6IjRmODBiODY4IiwiZWxUeXBlIjoid2lkZ2V0Iiwic2V0dGluZ3MiOnsic2hvcnRjb2RlIjoiW2NsaWVudHMgcG9zdHM9XCItMVwiXSJ9LCJlbGVtZW50cyI6W10sIndpZGdldFR5cGUiOiJzaG9ydGNvZGUifQ==\\\"]\\t\\t<div class=\\\"elementor-element elementor-element-18b3fac elementor-widget elementor-widget-text-editor\\\" data-id=\\\"18b3fac\\\" data-element_type=\\\"widget\\\" data-widget_type=\\\"text-editor.default\\\">\\n\\t\\t\\t\\t<div class=\\\"elementor-widget-container\\\">\\n\\t\\t\\t\\t\\t\\t\\t<p>Mit unserem Expertenteam und unserem Qualit\\u00e4tsverst\\u00e4ndnis sichern wir Zahnbehandlungen f\\u00fcr alle Einzel- und Firmenkunden unserer Partnerinstitutionen. Werden Sie einer der vertrauensw\\u00fcrdigen Partnerinstitutionen der \\u00d6zel \\u0130lke Klinik f\\u00fcr Mund- und Zahngesundheit und gewinnen Sie ein gesundes L\\u00e4cheln.<\\\/p>\\n\\t\\t\\t\\t\\t\\t<\\\/div>\\n\\t\\t\\t\\t<\\\/div>\\n\\t\\t\\t\\t\\t<\\\/div>\\n\\t\\t\\t\\t<\\\/section>\\n\\t\\t\",\"scripts\":[],\"styles\":[]}}"]},"wpml_current_locale":false,"wpml_current_language_code":null,"wpml_translations":[{"locale":"tr_TR","language_code":"tr","id":28,"post_title":"Anla\u015fmal\u0131 Kurumlar","href":"https:\/\/ilkedis.com\/anlasmali-kurumlar\/"},{"locale":"en_US","language_code":"en","id":8988,"post_title":"Affiliated Institutions","href":"https:\/\/ilkedis.com\/en\/affiliated-institutions\/"},{"locale":"ru_RU","language_code":"ru","id":9099,"post_title":"\u041f\u0430\u0440\u0442\u043d\u0435\u0440\u0441\u043a\u0438\u0435 \u043e\u0440\u0433\u0430\u043d\u0438\u0437\u0430\u0446\u0438\u0438","href":"https:\/\/ilkedis.com\/ru\/affiliated-institutions\/"}],"_links":{"self":[{"href":"https:\/\/ilkedis.com\/de\/wp-json\/wp\/v2\/pages\/9097"}],"collection":[{"href":"https:\/\/ilkedis.com\/de\/wp-json\/wp\/v2\/pages"}],"about":[{"href":"https:\/\/ilkedis.com\/de\/wp-json\/wp\/v2\/types\/page"}],"author":[{"embeddable":true,"href":"https:\/\/ilkedis.com\/de\/wp-json\/wp\/v2\/users\/3"}],"replies":[{"embeddable":true,"href":"https:\/\/ilkedis.com\/de\/wp-json\/wp\/v2\/comments?post=9097"}],"version-history":[{"count":0,"href":"https:\/\/ilkedis.com\/de\/wp-json\/wp\/v2\/pages\/9097\/revisions"}],"wp:attachment":[{"href":"https:\/\/ilkedis.com\/de\/wp-json\/wp\/v2\/media?parent=9097"}],"curies":[{"name":"wp","href":"https:\/\/api.w.org\/{rel}","templated":true}]}}